{"id":1051,"date":"2015-09-03T15:26:27","date_gmt":"2015-09-03T14:26:27","guid":{"rendered":"https:\/\/www.vacherin-montdor.ch\/les-affineurs\/?lang=de"},"modified":"2024-09-12T15:01:29","modified_gmt":"2024-09-12T14:01:29","slug":"affineurs","status":"publish","type":"page","link":"https:\/\/www.vacherin-montdor.ch\/de\/affineurs\/","title":{"rendered":"Die Affineurs"},"content":{"rendered":"\t\t<div data-elementor-type=\"wp-page\" data-elementor-id=\"1051\" class=\"elementor elementor-1051 elementor-75\" data-elementor-post-type=\"page\">\n\t\t\t\t\t\t<section class=\"elementor-section elementor-top-section elementor-element elementor-element-bfc37d1 elementor-section-boxed elementor-section-height-default elementor-section-height-default\" data-id=\"bfc37d1\" data-element_type=\"section\" data-e-type=\"section\">\n\t\t\t\t\t\t<div class=\"elementor-container elementor-column-gap-default\">\n\t\t\t\t\t<div class=\"elementor-column elementor-col-100 elementor-top-column elementor-element elementor-element-e8ec5e8\" data-id=\"e8ec5e8\" data-element_type=\"column\" data-e-type=\"column\">\n\t\t\t<div class=\"elementor-widget-wrap elementor-element-populated\">\n\t\t\t\t\t\t<div class=\"elementor-element elementor-element-9f723d9 gothambold elementor-widget elementor-widget-heading\" data-id=\"9f723d9\" data-element_type=\"widget\" data-e-type=\"widget\" data-widget_type=\"heading.default\">\n\t\t\t\t<div class=\"elementor-widget-container\">\n\t\t\t\t\t<h1 class=\"elementor-heading-title elementor-size-default\">Die Affineure \u2013 Spezialisten des K\u00e4sekunsthandwerks<\/h1>\t\t\t\t<\/div>\n\t\t\t\t<\/div>\n\t\t\t\t<div class=\"elementor-element elementor-element-8b0831f gothambook elementor-widget elementor-widget-text-editor\" data-id=\"8b0831f\" data-element_type=\"widget\" data-e-type=\"widget\" data-widget_type=\"text-editor.default\">\n\t\t\t\t<div class=\"elementor-widget-container\">\n\t\t\t\t\t\t\t\t\t<p>Der Vacherin Mont-d\u2019Or verdankt seinen einzigartigen Geschmack seiner anspruchsvollen Herstellung mit viel Handarbeit. Sie beruht auf einer \u00fcber zweihundertj\u00e4hrigen Tradition.<br \/>W\u00e4hrend der Saison September bis M\u00e4rz liefern die Erzeuger der Region Waadtl\u00e4nder Jura ihre Milch t\u00e4glich an eine Handvoll Hersteller und Affineure. Diese verk\u00e4sen die thermisierte Milch mit ihrem Know-how und sorgf\u00e4ltiger Handhabung zu diesem einzigartigen Weichk\u00e4se, dessen Geschmack aus der weltweit einzigartigen Verbindung von Milch und Holz entsteht.<\/p>\t\t\t\t\t\t\t\t<\/div>\n\t\t\t\t<\/div>\n\t\t\t\t\t<\/div>\n\t\t<\/div>\n\t\t\t\t\t<\/div>\n\t\t<\/section>\n\t\t\t\t<section class=\"elementor-section elementor-top-section elementor-element elementor-element-307ab0c elementor-section-boxed elementor-section-height-default elementor-section-height-default\" data-id=\"307ab0c\" data-element_type=\"section\" data-e-type=\"section\">\n\t\t\t\t\t\t<div class=\"elementor-container elementor-column-gap-default\">\n\t\t\t\t\t<div class=\"elementor-column elementor-col-100 elementor-top-column elementor-element elementor-element-6429225\" data-id=\"6429225\" data-element_type=\"column\" data-e-type=\"column\">\n\t\t\t<div class=\"elementor-widget-wrap elementor-element-populated\">\n\t\t\t\t\t\t<div class=\"elementor-element elementor-element-5bafe61 gothamlist dce-posts-layout-default dce-col-4 dce-col-tablet-3 dce-col-mobile-1 dce-align-left elementor-widget elementor-widget-dce-dynamicposts-v2\" data-id=\"5bafe61\" data-element_type=\"widget\" data-e-type=\"widget\" data-settings=\"{&quot;style_items&quot;:&quot;default&quot;,&quot;grid_grid_type&quot;:&quot;flex&quot;}\" data-widget_type=\"dce-dynamicposts-v2.grid\">\n\t\t\t\t<div class=\"elementor-widget-container\">\n\t\t\t\t\t\n\t\t<div class=\"dce-fix-background-loop dce-posts-container dce-posts dce-dynamic-posts-collection  dce-skin-grid dce-skin-grid-flex\">\n\t\t\t\t\t\t<div class=\"dce-posts-wrapper dce-wrapper-grid\">\n\t\t\t\n\t\t<article class=\"post-4256 affineur type-affineur status-publish has-post-thumbnail hentry category-hersteller dce-post dce-post-item dce-item-grid\" data-dce-post-id=\"4256\" data-dce-post-index=\"0\">\n\t\t\t<div class=\"dce-post-block\">\n\t\t<div class=\"dce-item dce-item_image elementor-repeater-item-1081ecc\"><a class=\"dce-post-image\" href=\"https:\/\/www.vacherin-montdor.ch\/de\/affineur\/francky-et-jean-pierre-chuard\/\"><figure data-image-ratio=\"1.4\" class=\"dce-img\"><img fetchpriority=\"high\" decoding=\"async\" width=\"510\" height=\"639\" src=\"https:\/\/www.vacherin-montdor.ch\/wp-content\/uploads\/2015\/09\/Franck_Jean-Pierre_Chuard2.jpg\" class=\"\" alt=\"Francky et Jean-Pierre Chuard\" srcset=\"https:\/\/www.vacherin-montdor.ch\/wp-content\/uploads\/2015\/09\/Franck_Jean-Pierre_Chuard2.jpg 510w, https:\/\/www.vacherin-montdor.ch\/wp-content\/uploads\/2015\/09\/Franck_Jean-Pierre_Chuard2-239x300.jpg 239w\" sizes=\"(max-width: 510px) 100vw, 510px\" \/><\/figure><\/a><\/div><div class=\"dce-item dce-item_title elementor-repeater-item-1a91186\"><h3 class=\"dce-post-title\"><a href=\"https:\/\/www.vacherin-montdor.ch\/de\/affineur\/francky-et-jean-pierre-chuard\/\">Francky et Jean-Pierre Chuard<\/a><\/h3><\/div><div class=\"dce-item dce-item_readmore elementor-repeater-item-2d3eb29\">\t\t<div class=\"dce-post-button\">\n\t\t\t<a href=\"https:\/\/www.vacherin-montdor.ch\/de\/affineur\/francky-et-jean-pierre-chuard\/\" class=\"elementor-button-link elementor-button dce-button elementor-size-sm\" role=\"button\" >\n\t\t\tweiterlesen\t\t\t<\/a>\n\t\t<\/div>\n\t\t<\/div>\t\t\t<\/div>\n\t\t<\/article>\n\t\t\n\t\t<article class=\"post-4251 affineur type-affineur status-publish has-post-thumbnail hentry category-affineur-2 category-hersteller dce-post dce-post-item dce-item-grid\" data-dce-post-id=\"4251\" data-dce-post-index=\"1\">\n\t\t\t<div class=\"dce-post-block\">\n\t\t<div class=\"dce-item dce-item_image elementor-repeater-item-1081ecc\"><a class=\"dce-post-image\" href=\"https:\/\/www.vacherin-montdor.ch\/de\/affineur\/christian-mignot\/\"><figure data-image-ratio=\"1.4\" class=\"dce-img\"><img decoding=\"async\" width=\"510\" height=\"639\" src=\"https:\/\/www.vacherin-montdor.ch\/wp-content\/uploads\/2015\/09\/Christian_Mignot1.jpg\" class=\"\" alt=\"Christian Mignot\" srcset=\"https:\/\/www.vacherin-montdor.ch\/wp-content\/uploads\/2015\/09\/Christian_Mignot1.jpg 510w, https:\/\/www.vacherin-montdor.ch\/wp-content\/uploads\/2015\/09\/Christian_Mignot1-239x300.jpg 239w\" sizes=\"(max-width: 510px) 100vw, 510px\" \/><\/figure><\/a><\/div><div class=\"dce-item dce-item_title elementor-repeater-item-1a91186\"><h3 class=\"dce-post-title\"><a href=\"https:\/\/www.vacherin-montdor.ch\/de\/affineur\/christian-mignot\/\">Christian Mignot<\/a><\/h3><\/div><div class=\"dce-item dce-item_readmore elementor-repeater-item-2d3eb29\">\t\t<div class=\"dce-post-button\">\n\t\t\t<a href=\"https:\/\/www.vacherin-montdor.ch\/de\/affineur\/christian-mignot\/\" class=\"elementor-button-link elementor-button dce-button elementor-size-sm\" role=\"button\" >\n\t\t\tweiterlesen\t\t\t<\/a>\n\t\t<\/div>\n\t\t<\/div>\t\t\t<\/div>\n\t\t<\/article>\n\t\t\n\t\t<article class=\"post-4249 affineur type-affineur status-publish has-post-thumbnail hentry category-affineur-2 dce-post dce-post-item dce-item-grid\" data-dce-post-id=\"4249\" data-dce-post-index=\"2\">\n\t\t\t<div class=\"dce-post-block\">\n\t\t<div class=\"dce-item dce-item_image elementor-repeater-item-1081ecc\"><a class=\"dce-post-image\" href=\"https:\/\/www.vacherin-montdor.ch\/de\/affineur\/jean-michel-rochat\/\"><figure data-image-ratio=\"1.4\" class=\"dce-img\"><img decoding=\"async\" width=\"510\" height=\"639\" src=\"https:\/\/www.vacherin-montdor.ch\/wp-content\/uploads\/2015\/09\/Jean-Michel_Rochat1.jpg\" class=\"\" alt=\"Jean-Michel Rochat\" srcset=\"https:\/\/www.vacherin-montdor.ch\/wp-content\/uploads\/2015\/09\/Jean-Michel_Rochat1.jpg 510w, https:\/\/www.vacherin-montdor.ch\/wp-content\/uploads\/2015\/09\/Jean-Michel_Rochat1-239x300.jpg 239w\" sizes=\"(max-width: 510px) 100vw, 510px\" \/><\/figure><\/a><\/div><div class=\"dce-item dce-item_title elementor-repeater-item-1a91186\"><h3 class=\"dce-post-title\"><a href=\"https:\/\/www.vacherin-montdor.ch\/de\/affineur\/jean-michel-rochat\/\">Jean-Michel Rochat<\/a><\/h3><\/div><div class=\"dce-item dce-item_readmore elementor-repeater-item-2d3eb29\">\t\t<div class=\"dce-post-button\">\n\t\t\t<a href=\"https:\/\/www.vacherin-montdor.ch\/de\/affineur\/jean-michel-rochat\/\" class=\"elementor-button-link elementor-button dce-button elementor-size-sm\" role=\"button\" >\n\t\t\tweiterlesen\t\t\t<\/a>\n\t\t<\/div>\n\t\t<\/div>\t\t\t<\/div>\n\t\t<\/article>\n\t\t\n\t\t<article class=\"post-4248 affineur type-affineur status-publish has-post-thumbnail hentry category-affineur-2 dce-post dce-post-item dce-item-grid\" data-dce-post-id=\"4248\" data-dce-post-index=\"3\">\n\t\t\t<div class=\"dce-post-block\">\n\t\t<div class=\"dce-item dce-item_image elementor-repeater-item-1081ecc\"><a class=\"dce-post-image\" href=\"https:\/\/www.vacherin-montdor.ch\/de\/affineur\/la-cave-du-pont-sarl\/\"><figure data-image-ratio=\"1.4\" class=\"dce-img\"><img loading=\"lazy\" decoding=\"async\" width=\"510\" height=\"639\" src=\"https:\/\/www.vacherin-montdor.ch\/wp-content\/uploads\/2015\/09\/cave1.jpg\" class=\"\" alt=\"La Cave Du Pont S\u00e0rl\" srcset=\"https:\/\/www.vacherin-montdor.ch\/wp-content\/uploads\/2015\/09\/cave1.jpg 510w, https:\/\/www.vacherin-montdor.ch\/wp-content\/uploads\/2015\/09\/cave1-239x300.jpg 239w\" sizes=\"(max-width: 510px) 100vw, 510px\" \/><\/figure><\/a><\/div><div class=\"dce-item dce-item_title elementor-repeater-item-1a91186\"><h3 class=\"dce-post-title\"><a href=\"https:\/\/www.vacherin-montdor.ch\/de\/affineur\/la-cave-du-pont-sarl\/\">La Cave Du Pont S\u00e0rl<\/a><\/h3><\/div><div class=\"dce-item dce-item_readmore elementor-repeater-item-2d3eb29\">\t\t<div class=\"dce-post-button\">\n\t\t\t<a href=\"https:\/\/www.vacherin-montdor.ch\/de\/affineur\/la-cave-du-pont-sarl\/\" class=\"elementor-button-link elementor-button dce-button elementor-size-sm\" role=\"button\" >\n\t\t\tweiterlesen\t\t\t<\/a>\n\t\t<\/div>\n\t\t<\/div>\t\t\t<\/div>\n\t\t<\/article>\n\t\t\n\t\t<article class=\"post-4247 affineur type-affineur status-publish has-post-thumbnail hentry category-affineur-2 category-hersteller dce-post dce-post-item dce-item-grid\" data-dce-post-id=\"4247\" data-dce-post-index=\"4\">\n\t\t\t<div class=\"dce-post-block\">\n\t\t<div class=\"dce-item dce-item_image elementor-repeater-item-1081ecc\"><a class=\"dce-post-image\" href=\"https:\/\/www.vacherin-montdor.ch\/de\/affineur\/markus-tschopp\/\"><figure data-image-ratio=\"1.4\" class=\"dce-img\"><img loading=\"lazy\" decoding=\"async\" width=\"510\" height=\"639\" src=\"https:\/\/www.vacherin-montdor.ch\/wp-content\/uploads\/2015\/09\/Markus_Tschopp1.jpg\" class=\"\" alt=\"Markus Tschopp\" srcset=\"https:\/\/www.vacherin-montdor.ch\/wp-content\/uploads\/2015\/09\/Markus_Tschopp1.jpg 510w, https:\/\/www.vacherin-montdor.ch\/wp-content\/uploads\/2015\/09\/Markus_Tschopp1-239x300.jpg 239w\" sizes=\"(max-width: 510px) 100vw, 510px\" \/><\/figure><\/a><\/div><div class=\"dce-item dce-item_title elementor-repeater-item-1a91186\"><h3 class=\"dce-post-title\"><a href=\"https:\/\/www.vacherin-montdor.ch\/de\/affineur\/markus-tschopp\/\">Markus Tschopp<\/a><\/h3><\/div><div class=\"dce-item dce-item_readmore elementor-repeater-item-2d3eb29\">\t\t<div class=\"dce-post-button\">\n\t\t\t<a href=\"https:\/\/www.vacherin-montdor.ch\/de\/affineur\/markus-tschopp\/\" class=\"elementor-button-link elementor-button dce-button elementor-size-sm\" role=\"button\" >\n\t\t\tweiterlesen\t\t\t<\/a>\n\t\t<\/div>\n\t\t<\/div>\t\t\t<\/div>\n\t\t<\/article>\n\t\t\n\t\t<article class=\"post-4246 affineur type-affineur status-publish has-post-thumbnail hentry category-affineur-2 category-hersteller dce-post dce-post-item dce-item-grid\" data-dce-post-id=\"4246\" data-dce-post-index=\"5\">\n\t\t\t<div class=\"dce-post-block\">\n\t\t<div class=\"dce-item dce-item_image elementor-repeater-item-1081ecc\"><a class=\"dce-post-image\" href=\"https:\/\/www.vacherin-montdor.ch\/de\/affineur\/patrick-et-charles-hauser\/\"><figure data-image-ratio=\"1.4\" class=\"dce-img\"><img loading=\"lazy\" decoding=\"async\" width=\"510\" height=\"639\" src=\"https:\/\/www.vacherin-montdor.ch\/wp-content\/uploads\/2015\/09\/Patrick_hauser1.jpg\" class=\"\" alt=\"Patrick et Charles Hauser\" srcset=\"https:\/\/www.vacherin-montdor.ch\/wp-content\/uploads\/2015\/09\/Patrick_hauser1.jpg 510w, https:\/\/www.vacherin-montdor.ch\/wp-content\/uploads\/2015\/09\/Patrick_hauser1-239x300.jpg 239w\" sizes=\"(max-width: 510px) 100vw, 510px\" \/><\/figure><\/a><\/div><div class=\"dce-item dce-item_title elementor-repeater-item-1a91186\"><h3 class=\"dce-post-title\"><a href=\"https:\/\/www.vacherin-montdor.ch\/de\/affineur\/patrick-et-charles-hauser\/\">Patrick et Charles Hauser<\/a><\/h3><\/div><div class=\"dce-item dce-item_readmore elementor-repeater-item-2d3eb29\">\t\t<div class=\"dce-post-button\">\n\t\t\t<a href=\"https:\/\/www.vacherin-montdor.ch\/de\/affineur\/patrick-et-charles-hauser\/\" class=\"elementor-button-link elementor-button dce-button elementor-size-sm\" role=\"button\" >\n\t\t\tweiterlesen\t\t\t<\/a>\n\t\t<\/div>\n\t\t<\/div>\t\t\t<\/div>\n\t\t<\/article>\n\t\t\n\t\t<article class=\"post-4245 affineur type-affineur status-publish has-post-thumbnail hentry category-affineur-2 category-hersteller dce-post dce-post-item dce-item-grid\" data-dce-post-id=\"4245\" data-dce-post-index=\"6\">\n\t\t\t<div class=\"dce-post-block\">\n\t\t<div class=\"dce-item dce-item_image elementor-repeater-item-1081ecc\"><a class=\"dce-post-image\" href=\"https:\/\/www.vacherin-montdor.ch\/de\/affineur\/fromagerie-conod-sarl\/\"><figure data-image-ratio=\"1.4\" class=\"dce-img\"><img loading=\"lazy\" decoding=\"async\" width=\"2302\" height=\"1513\" src=\"https:\/\/www.vacherin-montdor.ch\/wp-content\/uploads\/2020\/06\/VMO_HUM_01.jpg\" class=\"\" alt=\"A4I\" srcset=\"https:\/\/www.vacherin-montdor.ch\/wp-content\/uploads\/2020\/06\/VMO_HUM_01.jpg 2302w, https:\/\/www.vacherin-montdor.ch\/wp-content\/uploads\/2020\/06\/VMO_HUM_01-300x197.jpg 300w, https:\/\/www.vacherin-montdor.ch\/wp-content\/uploads\/2020\/06\/VMO_HUM_01-1024x673.jpg 1024w, https:\/\/www.vacherin-montdor.ch\/wp-content\/uploads\/2020\/06\/VMO_HUM_01-768x505.jpg 768w, https:\/\/www.vacherin-montdor.ch\/wp-content\/uploads\/2020\/06\/VMO_HUM_01-1536x1010.jpg 1536w, https:\/\/www.vacherin-montdor.ch\/wp-content\/uploads\/2020\/06\/VMO_HUM_01-2048x1346.jpg 2048w, https:\/\/www.vacherin-montdor.ch\/wp-content\/uploads\/2020\/06\/VMO_HUM_01-1080x710.jpg 1080w, https:\/\/www.vacherin-montdor.ch\/wp-content\/uploads\/2020\/06\/VMO_HUM_01-1280x841.jpg 1280w, https:\/\/www.vacherin-montdor.ch\/wp-content\/uploads\/2020\/06\/VMO_HUM_01-980x644.jpg 980w, https:\/\/www.vacherin-montdor.ch\/wp-content\/uploads\/2020\/06\/VMO_HUM_01-480x315.jpg 480w\" sizes=\"(max-width: 2302px) 100vw, 2302px\" \/><\/figure><\/a><\/div><div class=\"dce-item dce-item_title elementor-repeater-item-1a91186\"><h3 class=\"dce-post-title\"><a href=\"https:\/\/www.vacherin-montdor.ch\/de\/affineur\/fromagerie-conod-sarl\/\">Fromagerie Conod S\u00e0rl<\/a><\/h3><\/div><div class=\"dce-item dce-item_readmore elementor-repeater-item-2d3eb29\">\t\t<div class=\"dce-post-button\">\n\t\t\t<a href=\"https:\/\/www.vacherin-montdor.ch\/de\/affineur\/fromagerie-conod-sarl\/\" class=\"elementor-button-link elementor-button dce-button elementor-size-sm\" role=\"button\" >\n\t\t\tweiterlesen\t\t\t<\/a>\n\t\t<\/div>\n\t\t<\/div>\t\t\t<\/div>\n\t\t<\/article>\n\t\t\n\t\t<article class=\"post-4244 affineur type-affineur status-publish has-post-thumbnail hentry category-hersteller dce-post dce-post-item dce-item-grid\" data-dce-post-id=\"4244\" data-dce-post-index=\"7\">\n\t\t\t<div class=\"dce-post-block\">\n\t\t<div class=\"dce-item dce-item_image elementor-repeater-item-1081ecc\"><a class=\"dce-post-image\" href=\"https:\/\/www.vacherin-montdor.ch\/de\/affineur\/societe-de-fromagerie\/\"><figure data-image-ratio=\"1.4\" class=\"dce-img\"><img loading=\"lazy\" decoding=\"async\" width=\"510\" height=\"639\" src=\"https:\/\/www.vacherin-montdor.ch\/wp-content\/uploads\/2015\/09\/dousse1.jpg\" class=\"\" alt=\"Soci\u00e9t\u00e9 de fromagerie\" srcset=\"https:\/\/www.vacherin-montdor.ch\/wp-content\/uploads\/2015\/09\/dousse1.jpg 510w, https:\/\/www.vacherin-montdor.ch\/wp-content\/uploads\/2015\/09\/dousse1-239x300.jpg 239w\" sizes=\"(max-width: 510px) 100vw, 510px\" \/><\/figure><\/a><\/div><div class=\"dce-item dce-item_title elementor-repeater-item-1a91186\"><h3 class=\"dce-post-title\"><a href=\"https:\/\/www.vacherin-montdor.ch\/de\/affineur\/societe-de-fromagerie\/\">Soci\u00e9t\u00e9 de fromagerie<\/a><\/h3><\/div><div class=\"dce-item dce-item_readmore elementor-repeater-item-2d3eb29\">\t\t<div class=\"dce-post-button\">\n\t\t\t<a href=\"https:\/\/www.vacherin-montdor.ch\/de\/affineur\/societe-de-fromagerie\/\" class=\"elementor-button-link elementor-button dce-button elementor-size-sm\" role=\"button\" >\n\t\t\tweiterlesen\t\t\t<\/a>\n\t\t<\/div>\n\t\t<\/div>\t\t\t<\/div>\n\t\t<\/article>\n\t\t\n\t\t<article class=\"post-4243 affineur type-affineur status-publish has-post-thumbnail hentry category-affineur-2 category-hersteller dce-post dce-post-item dce-item-grid\" data-dce-post-id=\"4243\" data-dce-post-index=\"8\">\n\t\t\t<div class=\"dce-post-block\">\n\t\t<div class=\"dce-item dce-item_image elementor-repeater-item-1081ecc\"><a class=\"dce-post-image\" href=\"https:\/\/www.vacherin-montdor.ch\/de\/affineur\/serge-andre\/\"><figure data-image-ratio=\"1.4\" class=\"dce-img\"><img loading=\"lazy\" decoding=\"async\" width=\"510\" height=\"639\" src=\"https:\/\/www.vacherin-montdor.ch\/wp-content\/uploads\/2015\/09\/Serge_andre1.jpg\" class=\"\" alt=\"Serge Andr\u00e9\" srcset=\"https:\/\/www.vacherin-montdor.ch\/wp-content\/uploads\/2015\/09\/Serge_andre1.jpg 510w, https:\/\/www.vacherin-montdor.ch\/wp-content\/uploads\/2015\/09\/Serge_andre1-239x300.jpg 239w\" sizes=\"(max-width: 510px) 100vw, 510px\" \/><\/figure><\/a><\/div><div class=\"dce-item dce-item_title elementor-repeater-item-1a91186\"><h3 class=\"dce-post-title\"><a href=\"https:\/\/www.vacherin-montdor.ch\/de\/affineur\/serge-andre\/\">Serge Andr\u00e9<\/a><\/h3><\/div><div class=\"dce-item dce-item_readmore elementor-repeater-item-2d3eb29\">\t\t<div class=\"dce-post-button\">\n\t\t\t<a href=\"https:\/\/www.vacherin-montdor.ch\/de\/affineur\/serge-andre\/\" class=\"elementor-button-link elementor-button dce-button elementor-size-sm\" role=\"button\" >\n\t\t\tweiterlesen\t\t\t<\/a>\n\t\t<\/div>\n\t\t<\/div>\t\t\t<\/div>\n\t\t<\/article>\n\t\t\n\t\t<article class=\"post-4242 affineur type-affineur status-publish has-post-thumbnail hentry category-affineur-2 category-hersteller dce-post dce-post-item dce-item-grid\" data-dce-post-id=\"4242\" data-dce-post-index=\"9\">\n\t\t\t<div class=\"dce-post-block\">\n\t\t<div class=\"dce-item dce-item_image elementor-repeater-item-1081ecc\"><a class=\"dce-post-image\" href=\"https:\/\/www.vacherin-montdor.ch\/de\/affineur\/vincent-tyrode\/\"><figure data-image-ratio=\"1.4\" class=\"dce-img\"><img loading=\"lazy\" decoding=\"async\" width=\"510\" height=\"639\" src=\"https:\/\/www.vacherin-montdor.ch\/wp-content\/uploads\/2015\/09\/Vincent_Tyrode1.jpg\" class=\"\" alt=\"Vincent Tyrode\" srcset=\"https:\/\/www.vacherin-montdor.ch\/wp-content\/uploads\/2015\/09\/Vincent_Tyrode1.jpg 510w, https:\/\/www.vacherin-montdor.ch\/wp-content\/uploads\/2015\/09\/Vincent_Tyrode1-239x300.jpg 239w\" sizes=\"(max-width: 510px) 100vw, 510px\" \/><\/figure><\/a><\/div><div class=\"dce-item dce-item_title elementor-repeater-item-1a91186\"><h3 class=\"dce-post-title\"><a href=\"https:\/\/www.vacherin-montdor.ch\/de\/affineur\/vincent-tyrode\/\">Vincent Tyrode<\/a><\/h3><\/div><div class=\"dce-item dce-item_readmore elementor-repeater-item-2d3eb29\">\t\t<div class=\"dce-post-button\">\n\t\t\t<a href=\"https:\/\/www.vacherin-montdor.ch\/de\/affineur\/vincent-tyrode\/\" class=\"elementor-button-link elementor-button dce-button elementor-size-sm\" role=\"button\" >\n\t\t\tweiterlesen\t\t\t<\/a>\n\t\t<\/div>\n\t\t<\/div>\t\t\t<\/div>\n\t\t<\/article>\n\t\t\n\t\t<article class=\"post-4610 affineur type-affineur status-publish has-post-thumbnail hentry dce-post dce-post-item dce-item-grid\" data-dce-post-id=\"4610\" data-dce-post-index=\"10\">\n\t\t\t<div class=\"dce-post-block\">\n\t\t<div class=\"dce-item dce-item_image elementor-repeater-item-1081ecc\"><a class=\"dce-post-image\" href=\"https:\/\/www.vacherin-montdor.ch\/de\/affineur\/daniele-magnenat\/\"><figure data-image-ratio=\"1.4\" class=\"dce-img\"><img loading=\"lazy\" decoding=\"async\" width=\"510\" height=\"639\" src=\"https:\/\/www.vacherin-montdor.ch\/wp-content\/uploads\/2015\/09\/Daniele_Magnenat1.jpg\" class=\"\" alt=\"Dani\u00e8le Magnenat\" srcset=\"https:\/\/www.vacherin-montdor.ch\/wp-content\/uploads\/2015\/09\/Daniele_Magnenat1.jpg 510w, https:\/\/www.vacherin-montdor.ch\/wp-content\/uploads\/2015\/09\/Daniele_Magnenat1-239x300.jpg 239w\" sizes=\"(max-width: 510px) 100vw, 510px\" \/><\/figure><\/a><\/div><div class=\"dce-item dce-item_title elementor-repeater-item-1a91186\"><h3 class=\"dce-post-title\"><a href=\"https:\/\/www.vacherin-montdor.ch\/de\/affineur\/daniele-magnenat\/\">Dani\u00e8le Magnenat<\/a><\/h3><\/div><div class=\"dce-item dce-item_readmore elementor-repeater-item-2d3eb29\">\t\t<div class=\"dce-post-button\">\n\t\t\t<a href=\"https:\/\/www.vacherin-montdor.ch\/de\/affineur\/daniele-magnenat\/\" class=\"elementor-button-link elementor-button dce-button elementor-size-sm\" role=\"button\" >\n\t\t\tweiterlesen\t\t\t<\/a>\n\t\t<\/div>\n\t\t<\/div>\t\t\t<\/div>\n\t\t<\/article>\n\t\t\t\t\t<\/div>\n\t\t\t\t\t<\/div>\n\t\t\t\t\t\t<\/div>\n\t\t\t\t<\/div>\n\t\t\t\t\t<\/div>\n\t\t<\/div>\n\t\t\t\t\t<\/div>\n\t\t<\/section>\n\t\t\t\t<\/div>\n\t\t","protected":false},"excerpt":{"rendered":"<p>Die Affineure \u2013 Spezialisten des K\u00e4sekunsthandwerks Der Vacherin Mont-d\u2019Or verdankt seinen einzigartigen Geschmack seiner anspruchsvollen Herstellung mit viel Handarbeit. Sie beruht auf einer \u00fcber zweihundertj\u00e4hrigen Tradition.W\u00e4hrend der Saison September bis M\u00e4rz liefern die Erzeuger der Region Waadtl\u00e4nder Jura ihre Milch t\u00e4glich an eine Handvoll Hersteller und Affineure. Diese verk\u00e4sen die thermisierte Milch mit ihrem Know-how [&hellip;]<\/p>\n","protected":false},"author":2,"featured_media":3535,"parent":0,"menu_order":0,"comment_status":"closed","ping_status":"closed","template":"elementor_header_footer","meta":{"_acf_changed":false,"_seopress_robots_primary_cat":"","_seopress_titles_title":"","_seopress_titles_desc":"","_seopress_robots_index":"","_seopress_analysis_target_kw":"","footnotes":""},"class_list":["post-1051","page","type-page","status-publish","has-post-thumbnail","hentry"],"acf":[],"_links":{"self":[{"href":"https:\/\/www.vacherin-montdor.ch\/de\/wp-json\/wp\/v2\/pages\/1051","targetHints":{"allow":["GET"]}}],"collection":[{"href":"https:\/\/www.vacherin-montdor.ch\/de\/wp-json\/wp\/v2\/pages"}],"about":[{"href":"https:\/\/www.vacherin-montdor.ch\/de\/wp-json\/wp\/v2\/types\/page"}],"author":[{"embeddable":true,"href":"https:\/\/www.vacherin-montdor.ch\/de\/wp-json\/wp\/v2\/users\/2"}],"replies":[{"embeddable":true,"href":"https:\/\/www.vacherin-montdor.ch\/de\/wp-json\/wp\/v2\/comments?post=1051"}],"version-history":[{"count":19,"href":"https:\/\/www.vacherin-montdor.ch\/de\/wp-json\/wp\/v2\/pages\/1051\/revisions"}],"predecessor-version":[{"id":25425,"href":"https:\/\/www.vacherin-montdor.ch\/de\/wp-json\/wp\/v2\/pages\/1051\/revisions\/25425"}],"wp:featuredmedia":[{"embeddable":true,"href":"https:\/\/www.vacherin-montdor.ch\/de\/wp-json\/wp\/v2\/media\/3535"}],"wp:attachment":[{"href":"https:\/\/www.vacherin-montdor.ch\/de\/wp-json\/wp\/v2\/media?parent=1051"}],"curies":[{"name":"wp","href":"https:\/\/api.w.org\/{rel}","templated":true}]}}