{"id":1075,"date":"2015-09-18T15:32:24","date_gmt":"2015-09-18T14:32:24","guid":{"rendered":"https:\/\/www.vacherin-montdor.ch\/les-recettes\/?lang=de"},"modified":"2024-09-12T15:00:06","modified_gmt":"2024-09-12T14:00:06","slug":"rezepte","status":"publish","type":"page","link":"https:\/\/www.vacherin-montdor.ch\/de\/rezepte\/","title":{"rendered":"Die Rezepte"},"content":{"rendered":"\t\t<div data-elementor-type=\"wp-page\" data-elementor-id=\"1075\" class=\"elementor elementor-1075 elementor-385\" data-elementor-post-type=\"page\">\n\t\t\t\t\t\t<section class=\"elementor-section elementor-top-section elementor-element elementor-element-f454a80 elementor-section-boxed elementor-section-height-default elementor-section-height-default\" data-id=\"f454a80\" data-element_type=\"section\" data-e-type=\"section\">\n\t\t\t\t\t\t<div class=\"elementor-container elementor-column-gap-default\">\n\t\t\t\t\t<div class=\"elementor-column elementor-col-100 elementor-top-column elementor-element elementor-element-5bf3460\" data-id=\"5bf3460\" data-element_type=\"column\" data-e-type=\"column\">\n\t\t\t<div class=\"elementor-widget-wrap elementor-element-populated\">\n\t\t\t\t\t\t<div class=\"elementor-element elementor-element-f92943c gothambold elementor-widget elementor-widget-heading\" data-id=\"f92943c\" data-element_type=\"widget\" data-e-type=\"widget\" data-widget_type=\"heading.default\">\n\t\t\t\t<div class=\"elementor-widget-container\">\n\t\t\t\t\t<h1 class=\"elementor-heading-title elementor-size-default\">Die Rezepte mit Vacherin Mont-d'Or<\/h1>\t\t\t\t<\/div>\n\t\t\t\t<\/div>\n\t\t\t\t<div class=\"elementor-element elementor-element-7737a90 gothambook elementor-widget elementor-widget-text-editor\" data-id=\"7737a90\" data-element_type=\"widget\" data-e-type=\"widget\" data-widget_type=\"text-editor.default\">\n\t\t\t\t<div class=\"elementor-widget-container\">\n\t\t\t\t\t\t\t\t\t<p>Der Vacherin Mont-d\u2019Or l\u00e4sst sich nach Belieben zubereiten. K\u00f6stlich ist er auch einfach kalt,nbegleitet von Brot und Wein. Jenen, die ihr eigenes Rezept entwickeln m\u00f6chten, bieten sich viele kreative M\u00f6glichkeiten. Das bekannteste Rezept ist seit langem der Vacherin im Ofen.<\/p>\t\t\t\t\t\t\t\t<\/div>\n\t\t\t\t<\/div>\n\t\t\t\t\t<\/div>\n\t\t<\/div>\n\t\t\t\t\t<\/div>\n\t\t<\/section>\n\t\t\t\t<section class=\"elementor-section elementor-top-section elementor-element elementor-element-7cfa73d elementor-section-boxed elementor-section-height-default elementor-section-height-default\" data-id=\"7cfa73d\" data-element_type=\"section\" data-e-type=\"section\">\n\t\t\t\t\t\t<div class=\"elementor-container elementor-column-gap-default\">\n\t\t\t\t\t<div class=\"elementor-column elementor-col-100 elementor-top-column elementor-element elementor-element-06f05ff\" data-id=\"06f05ff\" data-element_type=\"column\" data-e-type=\"column\">\n\t\t\t<div class=\"elementor-widget-wrap elementor-element-populated\">\n\t\t\t\t\t\t<div class=\"elementor-element elementor-element-57bffd3 gothamlist dce-posts-layout-default dce-col-4 dce-col-tablet-3 dce-col-mobile-1 dce-align-left elementor-widget elementor-widget-dce-dynamicposts-v2\" data-id=\"57bffd3\" data-element_type=\"widget\" data-e-type=\"widget\" data-settings=\"{&quot;style_items&quot;:&quot;default&quot;,&quot;grid_grid_type&quot;:&quot;flex&quot;}\" data-widget_type=\"dce-dynamicposts-v2.grid\">\n\t\t\t\t<div class=\"elementor-widget-container\">\n\t\t\t\t\t\n\t\t<div class=\"dce-fix-background-loop dce-posts-container dce-posts dce-dynamic-posts-collection  dce-skin-grid dce-skin-grid-flex\">\n\t\t\t\t\t\t<div class=\"dce-posts-wrapper dce-wrapper-grid\">\n\t\t\t\n\t\t<article class=\"post-4230 recette type-recette status-publish has-post-thumbnail hentry dce-post dce-post-item dce-item-grid\" data-dce-post-id=\"4230\" data-dce-post-index=\"0\">\n\t\t\t<div class=\"dce-post-block\">\n\t\t<div class=\"dce-item dce-item_image elementor-repeater-item-1081ecc\"><a class=\"dce-post-image\" href=\"https:\/\/www.vacherin-montdor.ch\/de\/recette\/ganzer-vacherin-aus-dem-backofen\/\"><figure data-image-ratio=\"1.4\" class=\"dce-img\"><img fetchpriority=\"high\" decoding=\"async\" width=\"559\" height=\"291\" src=\"https:\/\/www.vacherin-montdor.ch\/wp-content\/uploads\/2022\/10\/1.png\" class=\"\" alt=\"Ganzer Vacherin aus dem Backofen\" srcset=\"https:\/\/www.vacherin-montdor.ch\/wp-content\/uploads\/2022\/10\/1.png 559w, https:\/\/www.vacherin-montdor.ch\/wp-content\/uploads\/2022\/10\/1-300x156.png 300w\" sizes=\"(max-width: 559px) 100vw, 559px\" \/><\/figure><\/a><\/div><div class=\"dce-item dce-item_title elementor-repeater-item-1a91186\"><h3 class=\"dce-post-title\"><a href=\"https:\/\/www.vacherin-montdor.ch\/de\/recette\/ganzer-vacherin-aus-dem-backofen\/\">Ganzer Vacherin aus dem Backofen<\/a><\/h3><\/div><div class=\"dce-item dce-item_readmore elementor-repeater-item-2d3eb29\">\t\t<div class=\"dce-post-button\">\n\t\t\t<a href=\"https:\/\/www.vacherin-montdor.ch\/de\/recette\/ganzer-vacherin-aus-dem-backofen\/\" class=\"elementor-button-link elementor-button dce-button elementor-size-sm\" role=\"button\" >\n\t\t\tweiterlesen\t\t\t<\/a>\n\t\t<\/div>\n\t\t<\/div>\t\t\t<\/div>\n\t\t<\/article>\n\t\t\n\t\t<article class=\"post-4227 recette type-recette status-publish has-post-thumbnail hentry dce-post dce-post-item dce-item-grid\" data-dce-post-id=\"4227\" data-dce-post-index=\"1\">\n\t\t\t<div class=\"dce-post-block\">\n\t\t<div class=\"dce-item dce-item_image elementor-repeater-item-1081ecc\"><a class=\"dce-post-image\" href=\"https:\/\/www.vacherin-montdor.ch\/de\/recette\/cordon-bleu-mit-vacherin\/\"><figure data-image-ratio=\"1.4\" class=\"dce-img\"><img decoding=\"async\" width=\"1190\" height=\"1056\" src=\"https:\/\/www.vacherin-montdor.ch\/wp-content\/uploads\/2022\/10\/vmo_cordon_bleu.png\" class=\"\" alt=\"Cordon bleu mit Vacherin\" srcset=\"https:\/\/www.vacherin-montdor.ch\/wp-content\/uploads\/2022\/10\/vmo_cordon_bleu.png 1190w, https:\/\/www.vacherin-montdor.ch\/wp-content\/uploads\/2022\/10\/vmo_cordon_bleu-300x266.png 300w, https:\/\/www.vacherin-montdor.ch\/wp-content\/uploads\/2022\/10\/vmo_cordon_bleu-1024x909.png 1024w, https:\/\/www.vacherin-montdor.ch\/wp-content\/uploads\/2022\/10\/vmo_cordon_bleu-768x682.png 768w\" sizes=\"(max-width: 1190px) 100vw, 1190px\" \/><\/figure><\/a><\/div><div class=\"dce-item dce-item_title elementor-repeater-item-1a91186\"><h3 class=\"dce-post-title\"><a href=\"https:\/\/www.vacherin-montdor.ch\/de\/recette\/cordon-bleu-mit-vacherin\/\">Cordon bleu mit Vacherin<\/a><\/h3><\/div><div class=\"dce-item dce-item_readmore elementor-repeater-item-2d3eb29\">\t\t<div class=\"dce-post-button\">\n\t\t\t<a href=\"https:\/\/www.vacherin-montdor.ch\/de\/recette\/cordon-bleu-mit-vacherin\/\" class=\"elementor-button-link elementor-button dce-button elementor-size-sm\" role=\"button\" >\n\t\t\tweiterlesen\t\t\t<\/a>\n\t\t<\/div>\n\t\t<\/div>\t\t\t<\/div>\n\t\t<\/article>\n\t\t\n\t\t<article class=\"post-4226 recette type-recette status-publish has-post-thumbnail hentry dce-post dce-post-item dce-item-grid\" data-dce-post-id=\"4226\" data-dce-post-index=\"2\">\n\t\t\t<div class=\"dce-post-block\">\n\t\t<div class=\"dce-item dce-item_image elementor-repeater-item-1081ecc\"><a class=\"dce-post-image\" href=\"https:\/\/www.vacherin-montdor.ch\/de\/recette\/champignons-de-paris-mit-vacherin-gratiniert\/\"><figure data-image-ratio=\"1.4\" class=\"dce-img\"><img decoding=\"async\" width=\"630\" height=\"816\" src=\"https:\/\/www.vacherin-montdor.ch\/wp-content\/uploads\/2022\/10\/Capture-de\u0301cran-2022-10-25-a\u0300-18.20.07.png\" class=\"\" alt=\"Champignons de Paris, mit Vacherin gratiniert\" srcset=\"https:\/\/www.vacherin-montdor.ch\/wp-content\/uploads\/2022\/10\/Capture-de\u0301cran-2022-10-25-a\u0300-18.20.07.png 630w, https:\/\/www.vacherin-montdor.ch\/wp-content\/uploads\/2022\/10\/Capture-de\u0301cran-2022-10-25-a\u0300-18.20.07-232x300.png 232w\" sizes=\"(max-width: 630px) 100vw, 630px\" \/><\/figure><\/a><\/div><div class=\"dce-item dce-item_title elementor-repeater-item-1a91186\"><h3 class=\"dce-post-title\"><a href=\"https:\/\/www.vacherin-montdor.ch\/de\/recette\/champignons-de-paris-mit-vacherin-gratiniert\/\">Champignons de Paris, mit Vacherin gratiniert<\/a><\/h3><\/div><div class=\"dce-item dce-item_readmore elementor-repeater-item-2d3eb29\">\t\t<div class=\"dce-post-button\">\n\t\t\t<a href=\"https:\/\/www.vacherin-montdor.ch\/de\/recette\/champignons-de-paris-mit-vacherin-gratiniert\/\" class=\"elementor-button-link elementor-button dce-button elementor-size-sm\" role=\"button\" >\n\t\t\tweiterlesen\t\t\t<\/a>\n\t\t<\/div>\n\t\t<\/div>\t\t\t<\/div>\n\t\t<\/article>\n\t\t\n\t\t<article class=\"post-4229 recette type-recette status-publish has-post-thumbnail hentry dce-post dce-post-item dce-item-grid\" data-dce-post-id=\"4229\" data-dce-post-index=\"3\">\n\t\t\t<div class=\"dce-post-block\">\n\t\t<div class=\"dce-item dce-item_image elementor-repeater-item-1081ecc\"><a class=\"dce-post-image\" href=\"https:\/\/www.vacherin-montdor.ch\/de\/recette\/vacherin-tarte-mit-kerbel\/\"><figure data-image-ratio=\"1.4\" class=\"dce-img\"><img loading=\"lazy\" decoding=\"async\" width=\"607\" height=\"405\" src=\"https:\/\/www.vacherin-montdor.ch\/wp-content\/uploads\/2022\/10\/csm_recipe_114_309ba4ae77.jpg\" class=\"\" alt=\"Vacherin-Tarte mit Kerbel\" srcset=\"https:\/\/www.vacherin-montdor.ch\/wp-content\/uploads\/2022\/10\/csm_recipe_114_309ba4ae77.jpg 607w, https:\/\/www.vacherin-montdor.ch\/wp-content\/uploads\/2022\/10\/csm_recipe_114_309ba4ae77-300x200.jpg 300w\" sizes=\"(max-width: 607px) 100vw, 607px\" \/><\/figure><\/a><\/div><div class=\"dce-item dce-item_title elementor-repeater-item-1a91186\"><h3 class=\"dce-post-title\"><a href=\"https:\/\/www.vacherin-montdor.ch\/de\/recette\/vacherin-tarte-mit-kerbel\/\">Vacherin-Tarte mit Kerbel<\/a><\/h3><\/div><div class=\"dce-item dce-item_readmore elementor-repeater-item-2d3eb29\">\t\t<div class=\"dce-post-button\">\n\t\t\t<a href=\"https:\/\/www.vacherin-montdor.ch\/de\/recette\/vacherin-tarte-mit-kerbel\/\" class=\"elementor-button-link elementor-button dce-button elementor-size-sm\" role=\"button\" >\n\t\t\tweiterlesen\t\t\t<\/a>\n\t\t<\/div>\n\t\t<\/div>\t\t\t<\/div>\n\t\t<\/article>\n\t\t\n\t\t<article class=\"post-4225 recette type-recette status-publish has-post-thumbnail hentry dce-post dce-post-item dce-item-grid\" data-dce-post-id=\"4225\" data-dce-post-index=\"4\">\n\t\t\t<div class=\"dce-post-block\">\n\t\t<div class=\"dce-item dce-item_image elementor-repeater-item-1081ecc\"><a class=\"dce-post-image\" href=\"https:\/\/www.vacherin-montdor.ch\/de\/recette\/avocado-gefuellt-mit-vacherin\/\"><figure data-image-ratio=\"1.4\" class=\"dce-img\"><img loading=\"lazy\" decoding=\"async\" width=\"1920\" height=\"1285\" src=\"https:\/\/www.vacherin-montdor.ch\/wp-content\/uploads\/revslider\/levanorestaurantbar\/board.jpg\" class=\"\" alt=\"Avocado, gef\u00fcllt mit Vacherin\" srcset=\"https:\/\/www.vacherin-montdor.ch\/wp-content\/uploads\/revslider\/levanorestaurantbar\/board.jpg 1920w, https:\/\/www.vacherin-montdor.ch\/wp-content\/uploads\/revslider\/levanorestaurantbar\/board-300x201.jpg 300w, https:\/\/www.vacherin-montdor.ch\/wp-content\/uploads\/revslider\/levanorestaurantbar\/board-1024x685.jpg 1024w, https:\/\/www.vacherin-montdor.ch\/wp-content\/uploads\/revslider\/levanorestaurantbar\/board-1080x723.jpg 1080w\" sizes=\"(max-width: 1920px) 100vw, 1920px\" \/><\/figure><\/a><\/div><div class=\"dce-item dce-item_title elementor-repeater-item-1a91186\"><h3 class=\"dce-post-title\"><a href=\"https:\/\/www.vacherin-montdor.ch\/de\/recette\/avocado-gefuellt-mit-vacherin\/\">Avocado, gef\u00fcllt mit Vacherin<\/a><\/h3><\/div><div class=\"dce-item dce-item_readmore elementor-repeater-item-2d3eb29\">\t\t<div class=\"dce-post-button\">\n\t\t\t<a href=\"https:\/\/www.vacherin-montdor.ch\/de\/recette\/avocado-gefuellt-mit-vacherin\/\" class=\"elementor-button-link elementor-button dce-button elementor-size-sm\" role=\"button\" >\n\t\t\tweiterlesen\t\t\t<\/a>\n\t\t<\/div>\n\t\t<\/div>\t\t\t<\/div>\n\t\t<\/article>\n\t\t\n\t\t<article class=\"post-4224 recette type-recette status-publish has-post-thumbnail hentry dce-post dce-post-item dce-item-grid\" data-dce-post-id=\"4224\" data-dce-post-index=\"5\">\n\t\t\t<div class=\"dce-post-block\">\n\t\t<div class=\"dce-item dce-item_image elementor-repeater-item-1081ecc\"><a class=\"dce-post-image\" href=\"https:\/\/www.vacherin-montdor.ch\/de\/recette\/makkaroni-gratin-mit-vacherin\/\"><figure data-image-ratio=\"1.4\" class=\"dce-img\"><img loading=\"lazy\" decoding=\"async\" width=\"1920\" height=\"1285\" src=\"https:\/\/www.vacherin-montdor.ch\/wp-content\/uploads\/revslider\/levanorestaurantbar\/board.jpg\" class=\"\" alt=\"Makkaroni-Gratin mit Vacherin\" srcset=\"https:\/\/www.vacherin-montdor.ch\/wp-content\/uploads\/revslider\/levanorestaurantbar\/board.jpg 1920w, https:\/\/www.vacherin-montdor.ch\/wp-content\/uploads\/revslider\/levanorestaurantbar\/board-300x201.jpg 300w, https:\/\/www.vacherin-montdor.ch\/wp-content\/uploads\/revslider\/levanorestaurantbar\/board-1024x685.jpg 1024w, https:\/\/www.vacherin-montdor.ch\/wp-content\/uploads\/revslider\/levanorestaurantbar\/board-1080x723.jpg 1080w\" sizes=\"(max-width: 1920px) 100vw, 1920px\" \/><\/figure><\/a><\/div><div class=\"dce-item dce-item_title elementor-repeater-item-1a91186\"><h3 class=\"dce-post-title\"><a href=\"https:\/\/www.vacherin-montdor.ch\/de\/recette\/makkaroni-gratin-mit-vacherin\/\">Makkaroni-Gratin mit Vacherin<\/a><\/h3><\/div><div class=\"dce-item dce-item_readmore elementor-repeater-item-2d3eb29\">\t\t<div class=\"dce-post-button\">\n\t\t\t<a href=\"https:\/\/www.vacherin-montdor.ch\/de\/recette\/makkaroni-gratin-mit-vacherin\/\" class=\"elementor-button-link elementor-button dce-button elementor-size-sm\" role=\"button\" >\n\t\t\tweiterlesen\t\t\t<\/a>\n\t\t<\/div>\n\t\t<\/div>\t\t\t<\/div>\n\t\t<\/article>\n\t\t\n\t\t<article class=\"post-4222 recette type-recette status-publish has-post-thumbnail hentry dce-post dce-post-item dce-item-grid\" data-dce-post-id=\"4222\" data-dce-post-index=\"6\">\n\t\t\t<div class=\"dce-post-block\">\n\t\t<div class=\"dce-item dce-item_image elementor-repeater-item-1081ecc\"><a class=\"dce-post-image\" href=\"https:\/\/www.vacherin-montdor.ch\/de\/recette\/pizza-vallee-de-joux\/\"><figure data-image-ratio=\"1.4\" class=\"dce-img\"><img loading=\"lazy\" decoding=\"async\" width=\"1920\" height=\"1285\" src=\"https:\/\/www.vacherin-montdor.ch\/wp-content\/uploads\/revslider\/levanorestaurantbar\/board.jpg\" class=\"\" alt=\"Pizza \u00abVall\u00e9e de Joux\u00bb\" srcset=\"https:\/\/www.vacherin-montdor.ch\/wp-content\/uploads\/revslider\/levanorestaurantbar\/board.jpg 1920w, https:\/\/www.vacherin-montdor.ch\/wp-content\/uploads\/revslider\/levanorestaurantbar\/board-300x201.jpg 300w, https:\/\/www.vacherin-montdor.ch\/wp-content\/uploads\/revslider\/levanorestaurantbar\/board-1024x685.jpg 1024w, https:\/\/www.vacherin-montdor.ch\/wp-content\/uploads\/revslider\/levanorestaurantbar\/board-1080x723.jpg 1080w\" sizes=\"(max-width: 1920px) 100vw, 1920px\" \/><\/figure><\/a><\/div><div class=\"dce-item dce-item_title elementor-repeater-item-1a91186\"><h3 class=\"dce-post-title\"><a href=\"https:\/\/www.vacherin-montdor.ch\/de\/recette\/pizza-vallee-de-joux\/\">Pizza \u00abVall\u00e9e de Joux\u00bb<\/a><\/h3><\/div><div class=\"dce-item dce-item_readmore elementor-repeater-item-2d3eb29\">\t\t<div class=\"dce-post-button\">\n\t\t\t<a href=\"https:\/\/www.vacherin-montdor.ch\/de\/recette\/pizza-vallee-de-joux\/\" class=\"elementor-button-link elementor-button dce-button elementor-size-sm\" role=\"button\" >\n\t\t\tweiterlesen\t\t\t<\/a>\n\t\t<\/div>\n\t\t<\/div>\t\t\t<\/div>\n\t\t<\/article>\n\t\t\n\t\t<article class=\"post-4228 recette type-recette status-publish has-post-thumbnail hentry dce-post dce-post-item dce-item-grid\" data-dce-post-id=\"4228\" data-dce-post-index=\"7\">\n\t\t\t<div class=\"dce-post-block\">\n\t\t<div class=\"dce-item dce-item_image elementor-repeater-item-1081ecc\"><a class=\"dce-post-image\" href=\"https:\/\/www.vacherin-montdor.ch\/de\/recette\/reis-mit-zucchetti-und-vacherin\/\"><figure data-image-ratio=\"1.4\" class=\"dce-img\"><img loading=\"lazy\" decoding=\"async\" width=\"1920\" height=\"1285\" src=\"https:\/\/www.vacherin-montdor.ch\/wp-content\/uploads\/revslider\/levanorestaurantbar\/board.jpg\" class=\"\" alt=\"Reis mit Zucchetti und Vacherin\" srcset=\"https:\/\/www.vacherin-montdor.ch\/wp-content\/uploads\/revslider\/levanorestaurantbar\/board.jpg 1920w, https:\/\/www.vacherin-montdor.ch\/wp-content\/uploads\/revslider\/levanorestaurantbar\/board-300x201.jpg 300w, https:\/\/www.vacherin-montdor.ch\/wp-content\/uploads\/revslider\/levanorestaurantbar\/board-1024x685.jpg 1024w, https:\/\/www.vacherin-montdor.ch\/wp-content\/uploads\/revslider\/levanorestaurantbar\/board-1080x723.jpg 1080w\" sizes=\"(max-width: 1920px) 100vw, 1920px\" \/><\/figure><\/a><\/div><div class=\"dce-item dce-item_title elementor-repeater-item-1a91186\"><h3 class=\"dce-post-title\"><a href=\"https:\/\/www.vacherin-montdor.ch\/de\/recette\/reis-mit-zucchetti-und-vacherin\/\">Reis mit Zucchetti und Vacherin<\/a><\/h3><\/div><div class=\"dce-item dce-item_readmore elementor-repeater-item-2d3eb29\">\t\t<div class=\"dce-post-button\">\n\t\t\t<a href=\"https:\/\/www.vacherin-montdor.ch\/de\/recette\/reis-mit-zucchetti-und-vacherin\/\" class=\"elementor-button-link elementor-button dce-button elementor-size-sm\" role=\"button\" >\n\t\t\tweiterlesen\t\t\t<\/a>\n\t\t<\/div>\n\t\t<\/div>\t\t\t<\/div>\n\t\t<\/article>\n\t\t\t\t\t<\/div>\n\t\t\t\t\t<\/div>\n\t\t\t\t\t\t<\/div>\n\t\t\t\t<\/div>\n\t\t\t\t\t<\/div>\n\t\t<\/div>\n\t\t\t\t\t<\/div>\n\t\t<\/section>\n\t\t\t\t<\/div>\n\t\t","protected":false},"excerpt":{"rendered":"<p>Die Rezepte mit Vacherin Mont-d&#8217;Or Der Vacherin Mont-d\u2019Or l\u00e4sst sich nach Belieben zubereiten. K\u00f6stlich ist er auch einfach kalt,nbegleitet von Brot und Wein. Jenen, die ihr eigenes Rezept entwickeln m\u00f6chten, bieten sich viele kreative M\u00f6glichkeiten. Das bekannteste Rezept ist seit langem der Vacherin im Ofen. Ganzer Vacherin aus dem Backofen weiterlesen Cordon bleu mit Vacherin [&hellip;]<\/p>\n","protected":false},"author":2,"featured_media":3542,"parent":0,"menu_order":0,"comment_status":"closed","ping_status":"closed","template":"elementor_header_footer","meta":{"_acf_changed":false,"_seopress_robots_primary_cat":"","_seopress_titles_title":"","_seopress_titles_desc":"","_seopress_robots_index":"","footnotes":""},"class_list":["post-1075","page","type-page","status-publish","has-post-thumbnail","hentry"],"acf":[],"_links":{"self":[{"href":"https:\/\/www.vacherin-montdor.ch\/de\/wp-json\/wp\/v2\/pages\/1075","targetHints":{"allow":["GET"]}}],"collection":[{"href":"https:\/\/www.vacherin-montdor.ch\/de\/wp-json\/wp\/v2\/pages"}],"about":[{"href":"https:\/\/www.vacherin-montdor.ch\/de\/wp-json\/wp\/v2\/types\/page"}],"author":[{"embeddable":true,"href":"https:\/\/www.vacherin-montdor.ch\/de\/wp-json\/wp\/v2\/users\/2"}],"replies":[{"embeddable":true,"href":"https:\/\/www.vacherin-montdor.ch\/de\/wp-json\/wp\/v2\/comments?post=1075"}],"version-history":[{"count":21,"href":"https:\/\/www.vacherin-montdor.ch\/de\/wp-json\/wp\/v2\/pages\/1075\/revisions"}],"predecessor-version":[{"id":25419,"href":"https:\/\/www.vacherin-montdor.ch\/de\/wp-json\/wp\/v2\/pages\/1075\/revisions\/25419"}],"wp:featuredmedia":[{"embeddable":true,"href":"https:\/\/www.vacherin-montdor.ch\/de\/wp-json\/wp\/v2\/media\/3542"}],"wp:attachment":[{"href":"https:\/\/www.vacherin-montdor.ch\/de\/wp-json\/wp\/v2\/media?parent=1075"}],"curies":[{"name":"wp","href":"https:\/\/api.w.org\/{rel}","templated":true}]}}