{"id":4357,"date":"2022-10-19T22:30:05","date_gmt":"2022-10-19T21:30:05","guid":{"rendered":"https:\/\/www.vacherin-montdor.ch\/la-fete\/"},"modified":"2025-06-03T21:00:54","modified_gmt":"2025-06-03T20:00:54","slug":"das-fest","status":"publish","type":"page","link":"https:\/\/www.vacherin-montdor.ch\/de\/das-fest\/","title":{"rendered":"Das Fest"},"content":{"rendered":"\t\t<div data-elementor-type=\"wp-page\" data-elementor-id=\"4357\" class=\"elementor elementor-4357 elementor-3360\" data-elementor-post-type=\"page\">\n\t\t\t\t\t\t<section class=\"elementor-section elementor-top-section elementor-element elementor-element-623f286 elementor-section-boxed elementor-section-height-default elementor-section-height-default\" data-id=\"623f286\" data-element_type=\"section\" data-e-type=\"section\">\n\t\t\t\t\t\t<div class=\"elementor-container elementor-column-gap-default\">\n\t\t\t\t\t<div class=\"elementor-column elementor-col-100 elementor-top-column elementor-element elementor-element-764c467\" data-id=\"764c467\" data-element_type=\"column\" data-e-type=\"column\">\n\t\t\t<div class=\"elementor-widget-wrap elementor-element-populated\">\n\t\t\t\t\t\t<div class=\"elementor-element elementor-element-1451da0 gothambold elementor-widget elementor-widget-heading\" data-id=\"1451da0\" data-element_type=\"widget\" data-e-type=\"widget\" data-widget_type=\"heading.default\">\n\t\t\t\t<div class=\"elementor-widget-container\">\n\t\t\t\t\t<h1 class=\"elementor-heading-title elementor-size-default\">Das Fest des Vacherin Mont-d&#039;Or \u2013 feiern wir zusammen den Saisonstart!<\/h1>\t\t\t\t<\/div>\n\t\t\t\t<\/div>\n\t\t\t\t<div class=\"elementor-element elementor-element-e201250 gothambook elementor-widget elementor-widget-text-editor\" data-id=\"e201250\" data-element_type=\"widget\" data-e-type=\"widget\" data-widget_type=\"text-editor.default\">\n\t\t\t\t<div class=\"elementor-widget-container\">\n\t\t\t\t\t\t\t\t\t<p>Die Geschichte des Vacherin Mont-d\u2019Or AOP ist mit der Geschichte vom Dorf Les Charbonni\u00e8res im Vall\u00e9e de Joux eng verbunden. Das Dorf ist stolz auf diesen K\u00e4se und feiert seit einem Vierteljahrhundert jedes Jahr im September das Fest des Vacherin Mont-d\u2019Or und die Alpabfahrt der K\u00fche, die von ihren Sommerweiden zur\u00fcckkehren.<\/p><p>\u00dcber sechstausend Teilnehmende versammeln sich zu diesem geselligen Tag, dem folkloristischen und kulinarischen Ereignis des Jahres im Vall\u00e9e de Joux. Mitglieder der Vacherin Mont-d\u2019Or-Vereinigung, Handwerker und Unternehmen aus der Region stellen ihre T\u00e4tigkeiten vor und zeigen ihre Spezialit\u00e4ten an ihren St\u00e4nden und im Rahmen verschiedener Aktivit\u00e4ten und Animationen. Und die K\u00e4ser lassen ihre neue Produktion kostenlos verkosten!<\/p><p>Dieses Jahr: 27. September 2025 von 9 bis 18 Uhr<br \/>Mehr Infos:\u00a0 <a href=\"https:\/\/www.myvalleedejoux.ch\/de\/P1284\/fete-du-vacherin-mont-d-or\">https:\/\/www.myvalleedejoux.ch\/de\/P1284\/fete-du-vacherin-mont-d-or<\/a><\/p>\t\t\t\t\t\t\t\t<\/div>\n\t\t\t\t<\/div>\n\t\t\t\t\t<\/div>\n\t\t<\/div>\n\t\t\t\t\t<\/div>\n\t\t<\/section>\n\t\t\t\t<section class=\"elementor-section elementor-top-section elementor-element elementor-element-97ac478 elementor-section-boxed elementor-section-height-default elementor-section-height-default\" data-id=\"97ac478\" data-element_type=\"section\" data-e-type=\"section\">\n\t\t\t\t\t\t<div class=\"elementor-container elementor-column-gap-default\">\n\t\t\t\t\t<div class=\"elementor-column elementor-col-33 elementor-top-column elementor-element elementor-element-ceca827\" data-id=\"ceca827\" data-element_type=\"column\" data-e-type=\"column\">\n\t\t\t<div class=\"elementor-widget-wrap elementor-element-populated\">\n\t\t\t\t\t\t<div class=\"elementor-element elementor-element-d93768d dce_masking-none elementor-widget elementor-widget-image\" data-id=\"d93768d\" data-element_type=\"widget\" data-e-type=\"widget\" data-widget_type=\"image.default\">\n\t\t\t\t<div class=\"elementor-widget-container\">\n\t\t\t\t\t\t\t\t\t\t\t\t\t\t\t<img fetchpriority=\"high\" decoding=\"async\" width=\"356\" height=\"474\" src=\"https:\/\/www.vacherin-montdor.ch\/wp-content\/uploads\/2022\/10\/GraphiqueColle-1.png\" class=\"attachment-full size-full wp-image-3769\" alt=\"\" srcset=\"https:\/\/www.vacherin-montdor.ch\/wp-content\/uploads\/2022\/10\/GraphiqueColle-1.png 356w, https:\/\/www.vacherin-montdor.ch\/wp-content\/uploads\/2022\/10\/GraphiqueColle-1-225x300.png 225w\" sizes=\"(max-width: 356px) 100vw, 356px\" \/>\t\t\t\t\t\t\t\t\t\t\t\t\t\t\t<\/div>\n\t\t\t\t<\/div>\n\t\t\t\t\t<\/div>\n\t\t<\/div>\n\t\t\t\t<div class=\"elementor-column elementor-col-33 elementor-top-column elementor-element elementor-element-c98f901\" data-id=\"c98f901\" data-element_type=\"column\" data-e-type=\"column\">\n\t\t\t<div class=\"elementor-widget-wrap elementor-element-populated\">\n\t\t\t\t\t\t<div class=\"elementor-element elementor-element-21d7dfb dce_masking-none elementor-widget elementor-widget-image\" data-id=\"21d7dfb\" data-element_type=\"widget\" data-e-type=\"widget\" data-widget_type=\"image.default\">\n\t\t\t\t<div class=\"elementor-widget-container\">\n\t\t\t\t\t\t\t\t\t\t\t\t\t\t\t<img decoding=\"async\" width=\"362\" height=\"484\" src=\"https:\/\/www.vacherin-montdor.ch\/wp-content\/uploads\/2022\/10\/GraphiqueColle-2.png\" class=\"attachment-full size-full wp-image-3772\" alt=\"\" srcset=\"https:\/\/www.vacherin-montdor.ch\/wp-content\/uploads\/2022\/10\/GraphiqueColle-2.png 362w, https:\/\/www.vacherin-montdor.ch\/wp-content\/uploads\/2022\/10\/GraphiqueColle-2-224x300.png 224w\" sizes=\"(max-width: 362px) 100vw, 362px\" \/>\t\t\t\t\t\t\t\t\t\t\t\t\t\t\t<\/div>\n\t\t\t\t<\/div>\n\t\t\t\t\t<\/div>\n\t\t<\/div>\n\t\t\t\t<div class=\"elementor-column elementor-col-33 elementor-top-column elementor-element elementor-element-e59a210\" data-id=\"e59a210\" data-element_type=\"column\" data-e-type=\"column\">\n\t\t\t<div class=\"elementor-widget-wrap elementor-element-populated\">\n\t\t\t\t\t\t<div class=\"elementor-element elementor-element-55ec93a dce_masking-none elementor-widget elementor-widget-image\" data-id=\"55ec93a\" data-element_type=\"widget\" data-e-type=\"widget\" data-widget_type=\"image.default\">\n\t\t\t\t<div class=\"elementor-widget-container\">\n\t\t\t\t\t\t\t\t\t\t\t\t\t\t\t<img decoding=\"async\" width=\"358\" height=\"478\" src=\"https:\/\/www.vacherin-montdor.ch\/wp-content\/uploads\/2022\/10\/GraphiqueColle-3.png\" class=\"attachment-large size-large wp-image-3775\" alt=\"\" srcset=\"https:\/\/www.vacherin-montdor.ch\/wp-content\/uploads\/2022\/10\/GraphiqueColle-3.png 358w, https:\/\/www.vacherin-montdor.ch\/wp-content\/uploads\/2022\/10\/GraphiqueColle-3-225x300.png 225w\" sizes=\"(max-width: 358px) 100vw, 358px\" \/>\t\t\t\t\t\t\t\t\t\t\t\t\t\t\t<\/div>\n\t\t\t\t<\/div>\n\t\t\t\t\t<\/div>\n\t\t<\/div>\n\t\t\t\t\t<\/div>\n\t\t<\/section>\n\t\t\t\t<section class=\"elementor-section elementor-top-section elementor-element elementor-element-4976eb9 elementor-section-boxed elementor-section-height-default elementor-section-height-default\" data-id=\"4976eb9\" data-element_type=\"section\" data-e-type=\"section\">\n\t\t\t\t\t\t<div class=\"elementor-container elementor-column-gap-default\">\n\t\t\t\t\t<div class=\"elementor-column elementor-col-100 elementor-top-column elementor-element elementor-element-085fcde\" data-id=\"085fcde\" data-element_type=\"column\" data-e-type=\"column\">\n\t\t\t<div class=\"elementor-widget-wrap elementor-element-populated\">\n\t\t\t\t\t\t<div class=\"elementor-element elementor-element-6bbf15b dce_masking-none elementor-widget elementor-widget-image\" data-id=\"6bbf15b\" data-element_type=\"widget\" data-e-type=\"widget\" data-widget_type=\"image.default\">\n\t\t\t\t<div class=\"elementor-widget-container\">\n\t\t\t\t\t\t\t\t\t\t\t\t\t\t\t<img loading=\"lazy\" decoding=\"async\" width=\"1920\" height=\"500\" src=\"https:\/\/www.vacherin-montdor.ch\/wp-content\/uploads\/2022\/10\/la_fete_1.jpg\" class=\"attachment-full size-full wp-image-3906\" alt=\"\" srcset=\"https:\/\/www.vacherin-montdor.ch\/wp-content\/uploads\/2022\/10\/la_fete_1.jpg 1920w, https:\/\/www.vacherin-montdor.ch\/wp-content\/uploads\/2022\/10\/la_fete_1-300x78.jpg 300w, https:\/\/www.vacherin-montdor.ch\/wp-content\/uploads\/2022\/10\/la_fete_1-1024x267.jpg 1024w, https:\/\/www.vacherin-montdor.ch\/wp-content\/uploads\/2022\/10\/la_fete_1-768x200.jpg 768w, https:\/\/www.vacherin-montdor.ch\/wp-content\/uploads\/2022\/10\/la_fete_1-1536x400.jpg 1536w\" sizes=\"(max-width: 1920px) 100vw, 1920px\" \/>\t\t\t\t\t\t\t\t\t\t\t\t\t\t\t<\/div>\n\t\t\t\t<\/div>\n\t\t\t\t\t<\/div>\n\t\t<\/div>\n\t\t\t\t\t<\/div>\n\t\t<\/section>\n\t\t\t\t<\/div>\n\t\t","protected":false},"excerpt":{"rendered":"<p>Das Fest des Vacherin Mont-d&#39;Or \u2013 feiern wir zusammen den Saisonstart! Die Geschichte des Vacherin Mont-d\u2019Or AOP ist mit der Geschichte vom Dorf Les Charbonni\u00e8res im Vall\u00e9e de Joux eng verbunden. Das Dorf ist stolz auf diesen K\u00e4se und feiert seit einem Vierteljahrhundert jedes Jahr im September das Fest des Vacherin Mont-d\u2019Or und die Alpabfahrt [&hellip;]<\/p>\n","protected":false},"author":1,"featured_media":3909,"parent":0,"menu_order":0,"comment_status":"closed","ping_status":"closed","template":"elementor_header_footer","meta":{"_acf_changed":false,"_seopress_robots_primary_cat":"","_seopress_titles_title":"","_seopress_titles_desc":"","_seopress_robots_index":"","_seopress_analysis_target_kw":"","footnotes":""},"class_list":["post-4357","page","type-page","status-publish","has-post-thumbnail","hentry"],"acf":[],"_links":{"self":[{"href":"https:\/\/www.vacherin-montdor.ch\/de\/wp-json\/wp\/v2\/pages\/4357","targetHints":{"allow":["GET"]}}],"collection":[{"href":"https:\/\/www.vacherin-montdor.ch\/de\/wp-json\/wp\/v2\/pages"}],"about":[{"href":"https:\/\/www.vacherin-montdor.ch\/de\/wp-json\/wp\/v2\/types\/page"}],"author":[{"embeddable":true,"href":"https:\/\/www.vacherin-montdor.ch\/de\/wp-json\/wp\/v2\/users\/1"}],"replies":[{"embeddable":true,"href":"https:\/\/www.vacherin-montdor.ch\/de\/wp-json\/wp\/v2\/comments?post=4357"}],"version-history":[{"count":11,"href":"https:\/\/www.vacherin-montdor.ch\/de\/wp-json\/wp\/v2\/pages\/4357\/revisions"}],"predecessor-version":[{"id":32663,"href":"https:\/\/www.vacherin-montdor.ch\/de\/wp-json\/wp\/v2\/pages\/4357\/revisions\/32663"}],"wp:featuredmedia":[{"embeddable":true,"href":"https:\/\/www.vacherin-montdor.ch\/de\/wp-json\/wp\/v2\/media\/3909"}],"wp:attachment":[{"href":"https:\/\/www.vacherin-montdor.ch\/de\/wp-json\/wp\/v2\/media?parent=4357"}],"curies":[{"name":"wp","href":"https:\/\/api.w.org\/{rel}","templated":true}]}}