{"id":4365,"date":"2022-10-19T22:29:50","date_gmt":"2022-10-19T21:29:50","guid":{"rendered":"https:\/\/www.vacherin-montdor.ch\/laop\/"},"modified":"2024-09-12T15:25:17","modified_gmt":"2024-09-12T14:25:17","slug":"die-g-u","status":"publish","type":"page","link":"https:\/\/www.vacherin-montdor.ch\/de\/die-g-u\/","title":{"rendered":"Die G.U."},"content":{"rendered":"\t\t<div data-elementor-type=\"wp-page\" data-elementor-id=\"4365\" class=\"elementor elementor-4365 elementor-3356\" data-elementor-post-type=\"page\">\n\t\t\t\t\t\t<section class=\"elementor-section elementor-top-section elementor-element elementor-element-5d706c1 elementor-section-boxed elementor-section-height-default elementor-section-height-default\" data-id=\"5d706c1\" data-element_type=\"section\" data-e-type=\"section\">\n\t\t\t\t\t\t<div class=\"elementor-container elementor-column-gap-default\">\n\t\t\t\t\t<div class=\"elementor-column elementor-col-100 elementor-top-column elementor-element elementor-element-6ac5e3a\" data-id=\"6ac5e3a\" data-element_type=\"column\" data-e-type=\"column\">\n\t\t\t<div class=\"elementor-widget-wrap elementor-element-populated\">\n\t\t\t\t\t\t<div class=\"elementor-element elementor-element-a062192 gothambold elementor-widget elementor-widget-heading\" data-id=\"a062192\" data-element_type=\"widget\" data-e-type=\"widget\" data-widget_type=\"heading.default\">\n\t\t\t\t<div class=\"elementor-widget-container\">\n\t\t\t\t\t<h1 class=\"elementor-heading-title elementor-size-default\">Die AOP \u2013 Garantin f\u00fcr ein lokales, authentisches und hochwertiges Produkt<\/h1>\t\t\t\t<\/div>\n\t\t\t\t<\/div>\n\t\t\t\t<div class=\"elementor-element elementor-element-af12bac gothambook elementor-widget elementor-widget-text-editor\" data-id=\"af12bac\" data-element_type=\"widget\" data-e-type=\"widget\" data-widget_type=\"text-editor.default\">\n\t\t\t\t<div class=\"elementor-widget-container\">\n\t\t\t\t\t\t\t\t\t<p>Seit 2003 ist der Vacherin Mont-d\u2019Or eine gesch\u00fctzte Ursprungsbezeichnung (g.U.); auf franz\u00f6sisch Appellation d\u2019origine prot\u00e9g\u00e9e (AOP). Milchlieferanten und K\u00e4ser, die zur Produktion des Vacherin Mont-d\u2019Or AOP beitragen, m\u00fcssen ein pr\u00e4zises und anspruchsvolles Pflichtenheft erf\u00fcllen.<\/p><p>Der Vacherin Mont-d\u2019Or AOP wird von Anfang September bis Ende M\u00e4rz hergestellt. F\u00fcr die K\u00e4seherstellung wird die Milch schonend erw\u00e4rmt (thermisiert), um m\u00f6gliche Keime zu vernichten.<br \/>Nach dem Pressen des K\u00e4sebruchs wird der frische K\u00e4se mit einem Band aus Fichtenrinde umgeben und w\u00e4hrend zwei bis vier Stunden in ein Salzbad getaucht. Danach wird er auf Fichtenholzbrettern eingekellert. W\u00e4hrend der folgenden 17 Tage wird der K\u00e4se regelm\u00e4ssig gewendet und gewaschen; in der ersten Woche t\u00e4glich. Am Ende der Pflegephase wird der Vacherin Mont-d\u2019Or AOP in eine Holzschachtel verpackt. Ihr Durchmesser ist etwas kleiner als der K\u00e4se: So wirft die Rinde die gew\u00fcnschten Wellen.<\/p><p>Die gesch\u00fctzte Ursprungsbezeichnung oder AOP ist auch eine Garantin f\u00fcr ein authentisches und lokales Produkt. Sein Rohstoffe d\u00fcrfen ausschliesslich aus einem Umkreis von nur 25 km um den Ort stammen, an dem der K\u00e4se geformt wird. Das geografische Gebiet des Vacherin Mont-d\u2019Or AOP umfasst das Vall\u00e9e de Joux und den Fuss des Waadtl\u00e4nder Jura. Es ist bis auf die Gemeinde und die Alp genau vorgegeben.<\/p><p>Mehr Infos zur AOP: <a href=\"https:\/\/www.aop-igp.ch\/ueber-aop-igp\/schweizer-karte-der-aop-igp\">https:\/\/www.aop-igp.ch\/ueber-aop-igp\/schweizer-karte-der-aop-igp<\/a><\/p>\t\t\t\t\t\t\t\t<\/div>\n\t\t\t\t<\/div>\n\t\t\t\t\t<\/div>\n\t\t<\/div>\n\t\t\t\t\t<\/div>\n\t\t<\/section>\n\t\t\t\t<section class=\"elementor-section elementor-top-section elementor-element elementor-element-d6b3438 elementor-section-boxed elementor-section-height-default elementor-section-height-default\" data-id=\"d6b3438\" data-element_type=\"section\" data-e-type=\"section\">\n\t\t\t\t\t\t<div class=\"elementor-container elementor-column-gap-default\">\n\t\t\t\t\t<div class=\"elementor-column elementor-col-100 elementor-top-column elementor-element elementor-element-65112bf\" data-id=\"65112bf\" data-element_type=\"column\" data-e-type=\"column\">\n\t\t\t<div class=\"elementor-widget-wrap elementor-element-populated\">\n\t\t\t\t\t\t<div class=\"elementor-element elementor-element-268278f elementor-widget elementor-widget-dyncontel-acfslider\" data-id=\"268278f\" data-element_type=\"widget\" data-e-type=\"widget\" data-settings=\"{&quot;spaceV&quot;:{&quot;unit&quot;:&quot;px&quot;,&quot;size&quot;:&quot;&quot;,&quot;sizes&quot;:[]},&quot;spaceV_tablet&quot;:{&quot;unit&quot;:&quot;px&quot;,&quot;size&quot;:&quot;&quot;,&quot;sizes&quot;:[]},&quot;spaceV_mobile&quot;:{&quot;unit&quot;:&quot;px&quot;,&quot;size&quot;:&quot;&quot;,&quot;sizes&quot;:[]},&quot;spaceH&quot;:{&quot;unit&quot;:&quot;px&quot;,&quot;size&quot;:&quot;&quot;,&quot;sizes&quot;:[]},&quot;spaceH_tablet&quot;:{&quot;unit&quot;:&quot;px&quot;,&quot;size&quot;:&quot;&quot;,&quot;sizes&quot;:[]},&quot;spaceH_mobile&quot;:{&quot;unit&quot;:&quot;px&quot;,&quot;size&quot;:&quot;&quot;,&quot;sizes&quot;:[]},&quot;effects&quot;:&quot;slide&quot;,&quot;speedSlide&quot;:300,&quot;spaceBetween&quot;:{&quot;unit&quot;:&quot;px&quot;,&quot;size&quot;:&quot;0&quot;,&quot;sizes&quot;:[]},&quot;spaceBetween_tablet&quot;:{&quot;unit&quot;:&quot;px&quot;,&quot;size&quot;:&quot;&quot;,&quot;sizes&quot;:[]},&quot;spaceBetween_mobile&quot;:{&quot;unit&quot;:&quot;px&quot;,&quot;size&quot;:&quot;&quot;,&quot;sizes&quot;:[]},&quot;slidesPerView&quot;:&quot;1&quot;,&quot;slidesColumn&quot;:&quot;1&quot;,&quot;slidesPerGroup&quot;:1,&quot;pagination_type&quot;:&quot;bullets&quot;}\" data-widget_type=\"dyncontel-acfslider.default\">\n\t\t\t\t<div class=\"elementor-widget-container\">\n\t\t\t\t\t\t\t<div class=\"dynamic_acfslider\">\n\t\t\t<div class=\"dyncontel-swiper dce-slide dce-direction-horizontal\">\n\t\t\t\t<div class=\"swiper\">\n\t\t\t\t\t<div class=\"swiper-wrapper\">\n\t\t\t\t\t\t\t\t\t<div class=\"swiper-slide\">\n\t\t\t\t<figure class=\"acfslider-item grid-item\">\n\t\t\t\t\t\t\t\t\t\t\n\t\t\t\t\t<div class=\"wrap-item-acfslider\">\n\t\t\t\t\t\t\t\t\t\t\t\t\n\t\t\t\t\t\t\t\t\t\t\t\t\t<img decoding=\"async\" src=\"https:\/\/www.vacherin-montdor.ch\/wp-content\/uploads\/2022\/10\/vmo_alpage_ferme-1024x683.jpg\" alt=\"\" itemprop=\"thumbnail\" \/>\n\t\t\t\t\t\t\t\t\t\t\t\t\t\t\t\t\t\t\t\n\t\t\t\t\t\t\t\t\t\t\t\t\n\t\t\t\t\t\t\t\t\t\t\t<\/div>\n\t\t\t\t\t\n\t\t\t\t\t\t\t\t\t<\/figure>\n\t\t\t<\/div>\n\t\t\t\t\t\t\t\t<\/div>\n\t\t\t\t\t\t\t\t\t<\/div>\n\t\t\t\t\t\t\t\t\t\t\t<\/div>\n\t\t<\/div>\n\t\t\t\t\t\t<\/div>\n\t\t\t\t<\/div>\n\t\t\t\t\t<\/div>\n\t\t<\/div>\n\t\t\t\t\t<\/div>\n\t\t<\/section>\n\t\t\t\t<\/div>\n\t\t","protected":false},"excerpt":{"rendered":"<p>Die AOP \u2013 Garantin f\u00fcr ein lokales, authentisches und hochwertiges Produkt Seit 2003 ist der Vacherin Mont-d\u2019Or eine gesch\u00fctzte Ursprungsbezeichnung (g.U.); auf franz\u00f6sisch Appellation d\u2019origine prot\u00e9g\u00e9e (AOP). Milchlieferanten und K\u00e4ser, die zur Produktion des Vacherin Mont-d\u2019Or AOP beitragen, m\u00fcssen ein pr\u00e4zises und anspruchsvolles Pflichtenheft erf\u00fcllen. Der Vacherin Mont-d\u2019Or AOP wird von Anfang September bis Ende [&hellip;]<\/p>\n","protected":false},"author":1,"featured_media":3765,"parent":0,"menu_order":0,"comment_status":"closed","ping_status":"closed","template":"elementor_header_footer","meta":{"_acf_changed":false,"_seopress_robots_primary_cat":"","_seopress_titles_title":"","_seopress_titles_desc":"","_seopress_robots_index":"","footnotes":""},"class_list":["post-4365","page","type-page","status-publish","has-post-thumbnail","hentry"],"acf":[],"_links":{"self":[{"href":"https:\/\/www.vacherin-montdor.ch\/de\/wp-json\/wp\/v2\/pages\/4365","targetHints":{"allow":["GET"]}}],"collection":[{"href":"https:\/\/www.vacherin-montdor.ch\/de\/wp-json\/wp\/v2\/pages"}],"about":[{"href":"https:\/\/www.vacherin-montdor.ch\/de\/wp-json\/wp\/v2\/types\/page"}],"author":[{"embeddable":true,"href":"https:\/\/www.vacherin-montdor.ch\/de\/wp-json\/wp\/v2\/users\/1"}],"replies":[{"embeddable":true,"href":"https:\/\/www.vacherin-montdor.ch\/de\/wp-json\/wp\/v2\/comments?post=4365"}],"version-history":[{"count":8,"href":"https:\/\/www.vacherin-montdor.ch\/de\/wp-json\/wp\/v2\/pages\/4365\/revisions"}],"predecessor-version":[{"id":25438,"href":"https:\/\/www.vacherin-montdor.ch\/de\/wp-json\/wp\/v2\/pages\/4365\/revisions\/25438"}],"wp:featuredmedia":[{"embeddable":true,"href":"https:\/\/www.vacherin-montdor.ch\/de\/wp-json\/wp\/v2\/media\/3765"}],"wp:attachment":[{"href":"https:\/\/www.vacherin-montdor.ch\/de\/wp-json\/wp\/v2\/media?parent=4365"}],"curies":[{"name":"wp","href":"https:\/\/api.w.org\/{rel}","templated":true}]}}