{"id":4417,"date":"2022-10-19T22:29:22","date_gmt":"2022-10-19T21:29:22","guid":{"rendered":"https:\/\/www.vacherin-montdor.ch\/lhistoire\/"},"modified":"2022-11-16T12:26:57","modified_gmt":"2022-11-16T11:26:57","slug":"die-geschichte","status":"publish","type":"page","link":"https:\/\/www.vacherin-montdor.ch\/de\/die-geschichte\/","title":{"rendered":"Die Geschichte"},"content":{"rendered":"\t\t<div data-elementor-type=\"wp-page\" data-elementor-id=\"4417\" class=\"elementor elementor-4417 elementor-3353\" data-elementor-post-type=\"page\">\n\t\t\t\t\t\t<section class=\"elementor-section elementor-top-section elementor-element elementor-element-440b854 elementor-section-boxed elementor-section-height-default elementor-section-height-default\" data-id=\"440b854\" data-element_type=\"section\" data-e-type=\"section\">\n\t\t\t\t\t\t<div class=\"elementor-container elementor-column-gap-default\">\n\t\t\t\t\t<div class=\"elementor-column elementor-col-100 elementor-top-column elementor-element elementor-element-9592755\" data-id=\"9592755\" data-element_type=\"column\" data-e-type=\"column\">\n\t\t\t<div class=\"elementor-widget-wrap elementor-element-populated\">\n\t\t\t\t\t\t<div class=\"elementor-element elementor-element-6dfed57 gothambold elementor-widget elementor-widget-heading\" data-id=\"6dfed57\" data-element_type=\"widget\" data-e-type=\"widget\" data-widget_type=\"heading.default\">\n\t\t\t\t<div class=\"elementor-widget-container\">\n\t\t\t\t\t<h1 class=\"elementor-heading-title elementor-size-default\">EIN UNIVERSUM VOLLER LEGENDEN<\/h1>\t\t\t\t<\/div>\n\t\t\t\t<\/div>\n\t\t\t\t<div class=\"elementor-element elementor-element-ed7c1c2 gothambook elementor-widget elementor-widget-text-editor\" data-id=\"ed7c1c2\" data-element_type=\"widget\" data-e-type=\"widget\" data-widget_type=\"text-editor.default\">\n\t\t\t\t<div class=\"elementor-widget-container\">\n\t\t\t\t\t\t\t\t\t<p>Die Legende erz\u00e4hlt, ein Soldat der Bourbaki Armee habe 1871 das ber\u00fchmte Rezept nach Les Charbonni\u00e8res mitgebracht. Dokumente in den Archiven erw\u00e4hnen dagegen Lieferungen von Vacherin bereits ab dem Jahr 1845. Die 1865 gegr\u00fcndete K\u00e4serei von Les Charbonni\u00e8res produziert seit dem ersten Tag ihres Bestehens Vacherin Mont-d\u2019Or, der seinerzeit von Jules-Mo\u00efse Rochat affiniert wurde.<\/p>\t\t\t\t\t\t\t\t<\/div>\n\t\t\t\t<\/div>\n\t\t\t\t\t<\/div>\n\t\t<\/div>\n\t\t\t\t\t<\/div>\n\t\t<\/section>\n\t\t\t\t<section class=\"elementor-section elementor-top-section elementor-element elementor-element-4ee1927 elementor-section-boxed elementor-section-height-default elementor-section-height-default\" data-id=\"4ee1927\" data-element_type=\"section\" data-e-type=\"section\">\n\t\t\t\t\t\t<div class=\"elementor-container elementor-column-gap-default\">\n\t\t\t\t\t<div class=\"elementor-column elementor-col-100 elementor-top-column elementor-element elementor-element-a17a4ad\" data-id=\"a17a4ad\" data-element_type=\"column\" data-e-type=\"column\">\n\t\t\t<div class=\"elementor-widget-wrap elementor-element-populated\">\n\t\t\t\t\t\t<div class=\"elementor-element elementor-element-87b01f2 dce_masking-none elementor-widget elementor-widget-image\" data-id=\"87b01f2\" data-element_type=\"widget\" data-e-type=\"widget\" data-widget_type=\"image.default\">\n\t\t\t\t<div class=\"elementor-widget-container\">\n\t\t\t\t\t\t\t\t\t\t\t\t\t\t\t<img fetchpriority=\"high\" decoding=\"async\" width=\"1200\" height=\"749\" src=\"https:\/\/www.vacherin-montdor.ch\/wp-content\/uploads\/2015\/09\/photo-1.jpg\" class=\"attachment-full size-full wp-image-354\" alt=\"\" srcset=\"https:\/\/www.vacherin-montdor.ch\/wp-content\/uploads\/2015\/09\/photo-1.jpg 1200w, https:\/\/www.vacherin-montdor.ch\/wp-content\/uploads\/2015\/09\/photo-1-300x187.jpg 300w, https:\/\/www.vacherin-montdor.ch\/wp-content\/uploads\/2015\/09\/photo-1-1024x639.jpg 1024w, https:\/\/www.vacherin-montdor.ch\/wp-content\/uploads\/2015\/09\/photo-1-400x250.jpg 400w, https:\/\/www.vacherin-montdor.ch\/wp-content\/uploads\/2015\/09\/photo-1-1080x674.jpg 1080w\" sizes=\"(max-width: 1200px) 100vw, 1200px\" \/>\t\t\t\t\t\t\t\t\t\t\t\t\t\t\t<\/div>\n\t\t\t\t<\/div>\n\t\t\t\t\t<\/div>\n\t\t<\/div>\n\t\t\t\t\t<\/div>\n\t\t<\/section>\n\t\t\t\t<section class=\"elementor-section elementor-top-section elementor-element elementor-element-dafbada elementor-section-boxed elementor-section-height-default elementor-section-height-default\" data-id=\"dafbada\" data-element_type=\"section\" data-e-type=\"section\">\n\t\t\t\t\t\t<div class=\"elementor-container elementor-column-gap-default\">\n\t\t\t\t\t<div class=\"elementor-column elementor-col-100 elementor-top-column elementor-element elementor-element-262d367\" data-id=\"262d367\" data-element_type=\"column\" data-e-type=\"column\">\n\t\t\t<div class=\"elementor-widget-wrap elementor-element-populated\">\n\t\t\t\t\t\t<div class=\"elementor-element elementor-element-a795bad dce_masking-none elementor-widget elementor-widget-image\" data-id=\"a795bad\" data-element_type=\"widget\" data-e-type=\"widget\" data-widget_type=\"image.default\">\n\t\t\t\t<div class=\"elementor-widget-container\">\n\t\t\t\t\t\t\t\t\t\t\t\t\t\t\t<img decoding=\"async\" width=\"1200\" height=\"802\" src=\"https:\/\/www.vacherin-montdor.ch\/wp-content\/uploads\/2015\/09\/photo-2.jpg\" class=\"attachment-full size-full wp-image-3519\" alt=\"\" srcset=\"https:\/\/www.vacherin-montdor.ch\/wp-content\/uploads\/2015\/09\/photo-2.jpg 1200w, https:\/\/www.vacherin-montdor.ch\/wp-content\/uploads\/2015\/09\/photo-2-300x201.jpg 300w, https:\/\/www.vacherin-montdor.ch\/wp-content\/uploads\/2015\/09\/photo-2-1024x684.jpg 1024w, https:\/\/www.vacherin-montdor.ch\/wp-content\/uploads\/2015\/09\/photo-2-1080x722.jpg 1080w\" sizes=\"(max-width: 1200px) 100vw, 1200px\" \/>\t\t\t\t\t\t\t\t\t\t\t\t\t\t\t<\/div>\n\t\t\t\t<\/div>\n\t\t\t\t\t<\/div>\n\t\t<\/div>\n\t\t\t\t\t<\/div>\n\t\t<\/section>\n\t\t\t\t<section class=\"elementor-section elementor-top-section elementor-element elementor-element-4cf369f elementor-section-boxed elementor-section-height-default elementor-section-height-default\" data-id=\"4cf369f\" data-element_type=\"section\" data-e-type=\"section\">\n\t\t\t\t\t\t<div class=\"elementor-container elementor-column-gap-default\">\n\t\t\t\t\t<div class=\"elementor-column elementor-col-100 elementor-top-column elementor-element elementor-element-e77c118\" data-id=\"e77c118\" data-element_type=\"column\" data-e-type=\"column\">\n\t\t\t<div class=\"elementor-widget-wrap elementor-element-populated\">\n\t\t\t\t\t\t<div class=\"elementor-element elementor-element-b3448ba dce_masking-none elementor-widget elementor-widget-image\" data-id=\"b3448ba\" data-element_type=\"widget\" data-e-type=\"widget\" data-widget_type=\"image.default\">\n\t\t\t\t<div class=\"elementor-widget-container\">\n\t\t\t\t\t\t\t\t\t\t\t\t\t\t\t<img decoding=\"async\" width=\"1200\" height=\"786\" src=\"https:\/\/www.vacherin-montdor.ch\/wp-content\/uploads\/2015\/09\/photo-3.jpg\" class=\"attachment-full size-full wp-image-356\" alt=\"\" srcset=\"https:\/\/www.vacherin-montdor.ch\/wp-content\/uploads\/2015\/09\/photo-3.jpg 1200w, https:\/\/www.vacherin-montdor.ch\/wp-content\/uploads\/2015\/09\/photo-3-300x197.jpg 300w, https:\/\/www.vacherin-montdor.ch\/wp-content\/uploads\/2015\/09\/photo-3-1024x671.jpg 1024w, https:\/\/www.vacherin-montdor.ch\/wp-content\/uploads\/2015\/09\/photo-3-1080x707.jpg 1080w\" sizes=\"(max-width: 1200px) 100vw, 1200px\" \/>\t\t\t\t\t\t\t\t\t\t\t\t\t\t\t<\/div>\n\t\t\t\t<\/div>\n\t\t\t\t\t<\/div>\n\t\t<\/div>\n\t\t\t\t\t<\/div>\n\t\t<\/section>\n\t\t\t\t<section class=\"elementor-section elementor-top-section elementor-element elementor-element-de1bed9 elementor-section-boxed elementor-section-height-default elementor-section-height-default\" data-id=\"de1bed9\" data-element_type=\"section\" data-e-type=\"section\">\n\t\t\t\t\t\t<div class=\"elementor-container elementor-column-gap-default\">\n\t\t\t\t\t<div class=\"elementor-column elementor-col-100 elementor-top-column elementor-element elementor-element-43ff24c\" data-id=\"43ff24c\" data-element_type=\"column\" data-e-type=\"column\">\n\t\t\t<div class=\"elementor-widget-wrap elementor-element-populated\">\n\t\t\t\t\t\t<div class=\"elementor-element elementor-element-b777c27 dce_masking-none elementor-widget elementor-widget-image\" data-id=\"b777c27\" data-element_type=\"widget\" data-e-type=\"widget\" data-widget_type=\"image.default\">\n\t\t\t\t<div class=\"elementor-widget-container\">\n\t\t\t\t\t\t\t\t\t\t\t\t\t\t\t<img loading=\"lazy\" decoding=\"async\" width=\"1200\" height=\"1006\" src=\"https:\/\/www.vacherin-montdor.ch\/wp-content\/uploads\/2015\/09\/photo-4.jpg\" class=\"attachment-full size-full wp-image-3832\" alt=\"\" srcset=\"https:\/\/www.vacherin-montdor.ch\/wp-content\/uploads\/2015\/09\/photo-4.jpg 1200w, https:\/\/www.vacherin-montdor.ch\/wp-content\/uploads\/2015\/09\/photo-4-300x252.jpg 300w, https:\/\/www.vacherin-montdor.ch\/wp-content\/uploads\/2015\/09\/photo-4-1024x858.jpg 1024w, https:\/\/www.vacherin-montdor.ch\/wp-content\/uploads\/2015\/09\/photo-4-1080x905.jpg 1080w\" sizes=\"(max-width: 1200px) 100vw, 1200px\" \/>\t\t\t\t\t\t\t\t\t\t\t\t\t\t\t<\/div>\n\t\t\t\t<\/div>\n\t\t\t\t\t<\/div>\n\t\t<\/div>\n\t\t\t\t\t<\/div>\n\t\t<\/section>\n\t\t\t\t<\/div>\n\t\t","protected":false},"excerpt":{"rendered":"<p>EIN UNIVERSUM VOLLER LEGENDEN Die Legende erz\u00e4hlt, ein Soldat der Bourbaki Armee habe 1871 das ber\u00fchmte Rezept nach Les Charbonni\u00e8res mitgebracht. Dokumente in den Archiven erw\u00e4hnen dagegen Lieferungen von Vacherin bereits ab dem Jahr 1845. Die 1865 gegr\u00fcndete K\u00e4serei von Les Charbonni\u00e8res produziert seit dem ersten Tag ihres Bestehens Vacherin Mont-d\u2019Or, der seinerzeit von Jules-Mo\u00efse [&hellip;]<\/p>\n","protected":false},"author":1,"featured_media":3844,"parent":0,"menu_order":0,"comment_status":"closed","ping_status":"closed","template":"elementor_header_footer","meta":{"_acf_changed":false,"_seopress_robots_primary_cat":"","_seopress_titles_title":"","_seopress_titles_desc":"","_seopress_robots_index":"","_seopress_analysis_target_kw":"","footnotes":""},"class_list":["post-4417","page","type-page","status-publish","has-post-thumbnail","hentry"],"acf":[],"_links":{"self":[{"href":"https:\/\/www.vacherin-montdor.ch\/de\/wp-json\/wp\/v2\/pages\/4417","targetHints":{"allow":["GET"]}}],"collection":[{"href":"https:\/\/www.vacherin-montdor.ch\/de\/wp-json\/wp\/v2\/pages"}],"about":[{"href":"https:\/\/www.vacherin-montdor.ch\/de\/wp-json\/wp\/v2\/types\/page"}],"author":[{"embeddable":true,"href":"https:\/\/www.vacherin-montdor.ch\/de\/wp-json\/wp\/v2\/users\/1"}],"replies":[{"embeddable":true,"href":"https:\/\/www.vacherin-montdor.ch\/de\/wp-json\/wp\/v2\/comments?post=4417"}],"version-history":[{"count":9,"href":"https:\/\/www.vacherin-montdor.ch\/de\/wp-json\/wp\/v2\/pages\/4417\/revisions"}],"predecessor-version":[{"id":4860,"href":"https:\/\/www.vacherin-montdor.ch\/de\/wp-json\/wp\/v2\/pages\/4417\/revisions\/4860"}],"wp:featuredmedia":[{"embeddable":true,"href":"https:\/\/www.vacherin-montdor.ch\/de\/wp-json\/wp\/v2\/media\/3844"}],"wp:attachment":[{"href":"https:\/\/www.vacherin-montdor.ch\/de\/wp-json\/wp\/v2\/media?parent=4417"}],"curies":[{"name":"wp","href":"https:\/\/api.w.org\/{rel}","templated":true}]}}